{"id":18,"date":"2009-03-16T10:48:17","date_gmt":"2009-03-16T09:48:17","guid":{"rendered":"http:\/\/blog.abc-berlin.net\/?page_id=18"},"modified":"2014-12-27T12:45:13","modified_gmt":"2014-12-27T11:45:13","slug":"download","status":"publish","type":"page","link":"https:\/\/www.abc-berlin.net\/2008\/download","title":{"rendered":"Download"},"content":{"rendered":"<hr \/>\n<p><strong>Brosch\u00fcren, Flyer und Poster<\/strong><\/p>\n<p><a href=\"http:\/\/www.abc-berlin.net\/wp-content\/uploads\/entfesselt\/Alfredo-Christos%20Faltblatt_a5-Januar%2010.pdf\">Solidarit\u00e4t mit Alfredo Bonanno und Christos Stratigopoulos<\/a> (Januar 2010)<br \/>\n<a href=\"http:\/\/archiv-1.abc-berlin.net\/abcfiles\/hungerstreik_italien.pdf\">Hungerstreik der Lebensl\u00e4nglichen in Italien<\/a> (Ende 2008) &#8212; <a href=\"http:\/\/archiv-1.abc-berlin.net\/abcfiles\/hungerstreik_italien%20_druck.pdf\">Druckvorlage<\/a><br \/>\n<a href=\"http:\/\/archiv-1.abc-berlin.net\/abcfiles\/sagada11.pdf\">Solidarit\u00e4t mit den SAGADA 11<\/a> (Oktober 2006)<\/p>\n<hr size=\"3\" \/>\n<p><strong>Zeitschriften \u00fcber Knast, Anarchismus und den Kampf gegen das Bestehende<\/strong><\/p>\n<p><a href=\"http:\/\/www.abc-berlin.net\/wp-content\/uploads\/mauerfall\/Mauerfall 26.pdf\">Mauerfall *26<\/a> &#8211; Gefangenen Rundbrief<br \/>\n<a href=\"http:\/\/www.abc-berlin.net\/wp-content\/uploads\/mauerfall\/Mauerfall 25.pdf\">Mauerfall *25<\/a> &#8211; Gefangenen Rundbrief<br \/>\n<a href=\"http:\/\/www.abc-berlin.net\/wp-content\/uploads\/mauerfall\/Mauerfall 24.pdf\">Mauerfall *24<\/a> &#8211; Gefangenen Rundbrief<br \/>\n<a href=\"http:\/\/www.abc-berlin.net\/wp-content\/uploads\/mauerfall\/Mauerfall 23.pdf\">Mauerfall *23<\/a> &#8211; Gefangenen Rundbrief<br \/>\n<a href=\"http:\/\/www.abc-berlin.net\/wp-content\/uploads\/mauerfall\/Mauerfall 22.pdf\">Mauerfall *22<\/a> &#8211; Gefangenen Rundbrief<br \/>\n<a href=\"http:\/\/www.abc-berlin.net\/wp-content\/uploads\/mauerfall\/Mauerfall 21.pdf\">Mauerfall *21<\/a> &#8211; Gefangenen Rundbrief<br \/>\n<a href=\"http:\/\/www.abc-berlin.net\/wp-content\/uploads\/mauerfall\/Mauerfall 20.pdf\">Mauerfall *20<\/a> &#8211; Gefangenen Rundbrief<br \/>\n<a href=\"http:\/\/www.abc-berlin.net\/wp-content\/uploads\/mauerfall\/Mauerfall 19.pdf\">Mauerfall *19<\/a> &#8211; Gefangenen Rundbrief<br \/>\n<a href=\"http:\/\/www.abc-berlin.net\/wp-content\/uploads\/mauerfall\/Mauerfall 18.pdf\">Mauerfall *18<\/a> &#8211; Gefangenen Rundbrief<br \/>\n<a href=\"http:\/\/www.abc-berlin.net\/wp-content\/uploads\/mauerfall\/Mauerfall 17.pdf\">Mauerfall *17<\/a> &#8211; Gefangenen Rundbrief<br \/>\n<a href=\"http:\/\/www.abc-berlin.net\/wp-content\/uploads\/mauerfall\/Mauerfall 16.pdf\">Mauerfall *16<\/a> &#8211; Gefangenen Rundbrief<br \/>\n<a href=\"http:\/\/www.abc-berlin.net\/wp-content\/uploads\/mauerfall\/Mauerfall 15.pdf\">Mauerfall *15<\/a> &#8211; Gefangenen Rundbrief<br \/>\n<a href=\"http:\/\/www.abc-berlin.net\/wp-content\/uploads\/mauerfall\/Mauerfall 14.pdf\">Mauerfall *14<\/a> &#8211; Gefangenen Rundbrief<br \/>\n<a href=\"http:\/\/www.abc-berlin.net\/wp-content\/uploads\/mauerfall\/Mauerfall 13.pdf\">Mauerfall *13<\/a> &#8211; Gefangenen Rundbrief<br \/>\n<a href=\"http:\/\/www.abc-berlin.net\/wp-content\/uploads\/mauerfall\/Mauerfall 12.pdf\">Mauerfall *12<\/a> &#8211; Gefangenen Rundbrief<br \/>\n<a href=\"http:\/\/www.abc-berlin.net\/wp-content\/uploads\/mauerfall\/Mauerfall 11.pdf\">Mauerfall *11<\/a> &#8211; Gefangenen Rundbrief<br \/>\n<a href=\"http:\/\/www.abc-berlin.net\/wp-content\/uploads\/mauerfall\/Mauerfall 10.pdf\">Mauerfall *10<\/a> &#8211; Gefangenen Rundbrief<\/p>\n<p><a href=\"http:\/\/www.abc-berlin.net\/wp-content\/uploads\/straflos\/straflos 8.pdf\">Straflos *8<\/a> &#8211; Abolitionistische Streitschrift<br \/>\n<a href=\"http:\/\/www.abc-berlin.net\/wp-content\/uploads\/straflos\/straflos 7.pdf\">Straflos *7<\/a> &#8211; Abolitionistische Streitschrift<br \/>\n<a href=\"http:\/\/www.abc-berlin.net\/wp-content\/uploads\/straflos\/straflos 5.pdf\">Straflos *5<\/a> &#8212; <a href=\"http:\/\/www.abc-berlin.net\/wp-content\/uploads\/straflos\/straflos 5-druckvorlage.pdf\">Druckvorlage<\/a> &#8211; Abolitionistische Streitschrift<br \/>\n<a href=\"http:\/\/www.abc-berlin.net\/wp-content\/uploads\/straflos\/straflos 4.pdf\">Straflos *4<\/a> &#8211; Abolitionistische Streitschrift<br \/>\n<a href=\"http:\/\/www.abc-berlin.net\/wp-content\/uploads\/straflos\/straflos 3.pdf\">Straflos *3<\/a> &#8211; Abolitionistische Streitschrift<br \/>\n<a href=\"http:\/\/www.abc-berlin.net\/wp-content\/uploads\/straflos\/straflos 2.pdf\">Straflos *2<\/a> &#8212; <a href=\"http:\/\/www.abc-berlin.net\/wp-content\/uploads\/straflos\/straflos 2-druckvorlage.pdf\">Druckvorlage<\/a> &#8211; Abolitionistische Streitschrift<br \/>\n<a href=\"http:\/\/www.abc-berlin.net\/wp-content\/uploads\/straflos\/straflos 1.pdf\">Straflos *1<\/a> &#8211; Abolitionistische Streitschrift<\/p>\n<p><a href=\"http:\/\/www.abc-berlin.net\/wp-content\/uploads\/325\/325_10.pdf\">325 *10<\/a> &#8211; an insurgent anti-prison zine of social war &amp; anarchy<br \/>\n<a href=\"http:\/\/www.abc-berlin.net\/wp-content\/uploads\/325\/325_9.pdf\">325 *9<\/a> &#8211; an insurgent anti-prison zine of social war &amp; anarchy<br \/>\n<a href=\"http:\/\/www.abc-berlin.net\/wp-content\/uploads\/325\/325_8.pdf\">325 *8<\/a> &#8211; an insurgent anti-prison zine of social war &amp; anarchy<br \/>\n<a href=\"http:\/\/www.abc-berlin.net\/wp-content\/uploads\/325\/325_7.pdf\">325 *7<\/a> &#8211; an insurgent anti-prison zine of social war &amp; anarchy<br \/>\n<a href=\"http:\/\/www.abc-berlin.net\/wp-content\/uploads\/325\/325_6.pdf\">325 *6<\/a> &#8211; an insurgent anti-prison zine of social war &amp; anarchy<br \/>\n<a href=\"http:\/\/www.abc-berlin.net\/wp-content\/uploads\/325\/325_5.pdf\">325 *5<\/a> &#8211; an insurgent anti-prison zine of social war &amp; anarchy<br \/>\n<a href=\"http:\/\/www.abc-berlin.net\/wp-content\/uploads\/325\/325_4.pdf\">325 *4<\/a> &#8211; an insurgent anti-prison zine of social war &amp; anarchy<br \/>\n<a href=\"http:\/\/www.abc-berlin.net\/wp-content\/uploads\/325\/325_3.pdf\">325 *3<\/a> &#8211; an insurgent anti-prison zine of social war &amp; anarchy<\/p>\n<p><a href=\"http:\/\/www.abc-berlin.net\/wp-content\/uploads\/hefte\/ACP-Druck-A3-1.pdf\">A Corps Perdu *1<\/a> &#8212; <a href=\"http:\/\/www.abc-berlin.net\/wp-content\/uploads\/hefte\/ACP-Cover-1-end.pdf\">Cover<\/a> &#8211; internationale anarchistische Zeitschrift<br \/>\n<a href=\"http:\/\/www.abc-berlin.net\/wp-content\/uploads\/hefte\/ACP2.pdf\">A Corps Perdu *2<\/a> &#8211; internationale anarchistische Zeitschrift<\/p>\n<p><a href=\"http:\/\/www.abc-berlin.net\/wp-content\/uploads\/firetotheprisons\/firetotheprisons11.pdf\">Fire to the Prisons *11<\/a> &#8211; insurrectionary anarchist quarterly magazine<br \/>\n<a href=\"http:\/\/www.abc-berlin.net\/wp-content\/uploads\/firetotheprisons\/firetotheprisons10.pdf\">Fire to the Prisons *10<\/a> &#8211; insurrectionary anarchist quarterly magazine<br \/>\n<a href=\"http:\/\/www.abc-berlin.net\/wp-content\/uploads\/firetotheprisons\/firetotheprisons9.pdf\">Fire to the Prisons *9<\/a> &#8211; insurrectionary anarchist quarterly magazine<br \/>\n<a href=\"http:\/\/www.abc-berlin.net\/wp-content\/uploads\/firetotheprisons\/firetotheprisons8.pdf\">Fire to the Prisons *8<\/a> &#8211; insurrectionary anarchist quarterly magazine<br \/>\n<a href=\"http:\/\/www.abc-berlin.net\/wp-content\/uploads\/firetotheprisons\/firetotheprisons7.pdf\">Fire to the Prisons *7<\/a> &#8211; insurrectionary anarchist quarterly magazine<br \/>\n<a href=\"http:\/\/www.abc-berlin.net\/wp-content\/uploads\/firetotheprisons\/firetotheprisons6.pdf\">Fire to the Prisons *6<\/a> &#8211; insurrectionary anarchist quarterly magazine<br \/>\n<a href=\"http:\/\/www.abc-berlin.net\/wp-content\/uploads\/firetotheprisons\/firetotheprisons5.pdf\">Fire to the Prisons *5<\/a> &#8211; insurrectionary anarchist quarterly magazine<br \/>\n<a href=\"http:\/\/www.abc-berlin.net\/wp-content\/uploads\/firetotheprisons\/firetotheprisons4.pdf\">Fire to the Prisons *4<\/a> &#8211; insurrectionary anarchist quarterly magazine<br \/>\n<a href=\"http:\/\/www.abc-berlin.net\/wp-content\/uploads\/firetotheprisons\/firetotheprisons3.pdf\">Fire to the Prisons *3<\/a> &#8211; insurrectionary anarchist quarterly magazine<br \/>\n<a href=\"http:\/\/www.abc-berlin.net\/wp-content\/uploads\/firetotheprisons\/firetotheprisons2.pdf\">Fire to the Prisons *2<\/a> &#8211; insurrectionary anarchist quarterly magazine<\/p>\n<p><a href=\"http:\/\/antagonismus.lnxnt.org\/Balaklava\/Balaklava%20V%20%28Leseversion%29.pdf\">Balaklava *5<\/a> &#8212; <a href=\"http:\/\/antagonismus.lnxnt.org\/Balaklava\/Balaklava%20V%20%28Druckversion%29.pdf\">Druckvorlage<\/a> &#8211; doppelseitig A4 &#8211; insurrektion\u00e4les anarchistisches Infopamphlet<br \/>\n<a href=\"http:\/\/antagonismus.lnxnt.org\/Balaklava\/Balaklava%20IV%20%28Leseversion%29.pdf\">Balaklava *4<\/a> &#8212; <a href=\"http:\/\/antagonismus.lnxnt.org\/Balaklava\/Balaklava%20IV%20%28Druckversion%29.pdf\">Druckvorlage<\/a> &#8211; doppelseitig A4 &#8211; insurrektion\u00e4les anarchistisches Infopamphlet<br \/>\n<a href=\"http:\/\/antagonismus.lnxnt.org\/Balaklava\/Balaklava%20III%20%28Leseversion%29.pdf\">Balaklava *3<\/a> &#8212; <a href=\"http:\/\/antagonismus.lnxnt.org\/Balaklava\/Balaklava%20III%20%28Druckversion%29.pdf\">Druckvorlage<\/a> &#8211; doppelseitig A3 &#8211; insurrektion\u00e4les anarchistisches Infopamphlet<br \/>\n<a href=\"http:\/\/antagonismus.lnxnt.org\/Balaklava\/Balaklava%20II%20%28Leseversion%29.pdf\">Balaklava *2<\/a> &#8212; <a href=\"http:\/\/antagonismus.lnxnt.org\/Balaklava\/Balaklava%20II%20%28Druckversion%29.pdf\">Druckvorlage<\/a> &#8211; doppelseitig A3 &#8211; insurrektion\u00e4les anarchistisches Infopamphlet<br \/>\n<a href=\"http:\/\/antagonismus.lnxnt.org\/Balaklava\/Balaklava%20I%20%28Leseversion%29.pdf\">Balaklava *1 <\/a> &#8212; <a href=\"http:\/\/antagonismus.lnxnt.org\/Balaklava\/Balaklava%20I%20%28Druckversion%29.pdf\">Druckvorlage<\/a> &#8211; doppelseitig A4 &#8211; insurrektion\u00e4les anarchistisches Infopamphlet<\/p>\n<p><a href=\"http:\/\/www.abc-berlin.net\/wp-content\/uploads\/hefte\/uebeltaeter_innendieserwelt.pdf\">\u00dcbelt\u00e4terInnen dieser Welt: Vereinigt euch!<\/a> &#8211; Zusammenstellung von Texten \u00fcber die aktuellen Terrorismusverfahren in Frankreich &#8211; Mai 2009<\/p>\n<p><a href=\"http:\/\/www.abc-berlin.net\/wp-content\/uploads\/jahrbuch\/Anarchistisches-Jahrbuch-2009.pdf\">Dokument A 2009<\/a> &#8211; Berliner anarchistisches Jahrbuch<br \/>\n<a href=\"http:\/\/afb.blogsport.de\/images\/ABuch08.pdf\">Dokument A 2008<\/a> &#8211; Berliner anarchistisches Jahrbuch<br \/>\n<a href=\"http:\/\/www.bibliothekderfreien.de\/texte\/dokument_a_2007_jahrbuch.pdf\">Dokument A 2007<\/a> &#8211; Berliner anarchistisches Jahrbuch<\/p>\n<hr size=\"3\" \/>\n<p><strong>Weitere Flyer und Flugbl\u00e4tter<\/strong><\/p>\n<p><a href=\"http:\/\/www.non-fides.fr\/IMG\/pdf\/rkkk-fly-enddd.pdf\">Wenn das Rote Kreuz ins Schlachtfeld zieht&#8230;<\/a><\/p>\n<hr size=\"3\" \/>\n<p><strong>Aufst\u00e4ndischer Anarchismus &#8211; Insurrectionary Anarchism<\/strong><\/p>\n<p><a href=\"http:\/\/www.abc-berlin.net\/wp-content\/uploads\/hefte\/Einige_Notizen_zu_aufstaendischem_Anarchismus.pdf\">Einige Notizen zu aufst\u00e4ndischem Anarchismus<\/a><br \/>\n<a href=\"http:\/\/www.abc-berlin.net\/wp-content\/uploads\/hefte\/Some_notes_on_Insurrectionary_Anarchism.pdf\">Some notes on Insurrectionary Anarchism<\/a><\/p>\n<p><a href=\"http:\/\/www.abc-berlin.net\/wp-content\/uploads\/hefte\/Ueber_einige_alte_aber_aktuelle_fragen_-_doppelt.pdf\">\u00dcber einige alte, aber aktuelle Fragen unter Anarchisten, und nicht nur&#8230;<\/a> &#8211; <a href=\"http:\/\/www.abc-berlin.net\/wp-content\/uploads\/hefte\/Ueber_einige_alte_aber_aktuelle_fragen_-_cover.pdf\"><em>Cover<\/em><\/a><\/p>\n<p>Alfredo Bonanno &#8211; <a href=\"http:\/\/www.abc-berlin.net\/wp-content\/uploads\/hefte\/Alfredo_Bonanno_-_Vom_Zentrum_zur_Peripherie.pdf\">Vom Zentrum zur Peripherie<\/a> &#8212; <a href=\"http:\/\/www.abc-berlin.net\/wp-content\/uploads\/hefte\/Alfredo_Bonanno_-_From_the_Centre_to_the_Periphery_-_print.pdf\">From the Centre to the Periphery<\/a><br \/>\nAlfredo Bonanno &#8211; <a href=\"http:\/\/www.abc-berlin.net\/wp-content\/uploads\/hefte\/Alfredo_Bonanno_-_Die_bewaffnete_Freude.pdf\">Die bewaffnete Freude<\/a> &#8212; <a href=\"http:\/\/www.abc-berlin.net\/wp-content\/uploads\/hefte\/Alfredo_Bonanno_-_Armed_Joy.pdf\">Armed Joy<\/a><br \/>\nAlfredo Bonanno &#8211; <a href=\"http:\/\/www.abc-berlin.net\/wp-content\/uploads\/hefte\/Alfredo_Bonanno_-_Vom_Krawall_zum_Aufstand.pdf\">Vom Krawall zum Aufstand<\/a> &#8212; <a href=\"http:\/\/www.abc-berlin.net\/wp-content\/uploads\/hefte\/Alfredo_Bonanno_-_From_Riot_to_Insurrection_-_print.pdf\">From Riot to Insurrection<\/a><br \/>\nAlfredo Bonanno &#8211; <a href=\"http:\/\/www.abc-berlin.net\/wp-content\/uploads\/hefte\/Alfredo_Bonanno_-_Die_anarchistische_Spannung_-_print.pdf\">Die anarchistische Spannung<\/a> &#8212; <a href=\"http:\/\/www.abc-berlin.net\/wp-content\/uploads\/hefte\/Alfredo_Bonanno_-_The_Anarchist_Tension_-_print.pdf\">The Anarchist Tension<\/a><br \/>\nAlfredo Bonanno &#8211; <a href=\"http:\/\/www.abc-berlin.net\/wp-content\/uploads\/hefte\/Alfredo_Bonanno_-_Das_aufstaendische_Projekt.pdf\">Das aufst\u00e4ndische Projekt<\/a> &#8212; <a href=\"http:\/\/www.abc-berlin.net\/wp-content\/uploads\/hefte\/Alfredo_Bonanno_-_The_insurrectional_Project_-_print.pdf\">The insurrectional Project<\/a><br \/>\nAlfredo Bonanno &#8211; <a href=\"http:\/\/www.abc-berlin.net\/wp-content\/uploads\/hefte\/Alfredo_Bonanno_-_Palestine_Mon_Amour_-_print.pdf\">Palestine, Mon Amour<\/a><br \/>\nAlfredo Bonanno &#8211; <a href=\"http:\/\/www.abc-berlin.net\/wp-content\/uploads\/hefte\/Alfredo_Bonanno_-_Locked_up.pdf\">Locked up<\/a> &#8211; <a href=\"http:\/\/www.abc-berlin.net\/wp-content\/uploads\/hefte\/Alfredo_Bonanno_-_Locked_up_-_print.pdf\"><em>print<\/em><\/a><br \/>\nAlfredo Bonanno &#8211; <a href=\"http:\/\/www.abc-berlin.net\/wp-content\/uploads\/hefte\/Alfredo_Bonanno_-_Lasst_uns_die_Arbeit_zerstoeren.pdf\">Lasst uns die Arbeit zerst\u00f6ren<\/a><br \/>\nAlfredo Bonanno &#8211; <a href=\"http:\/\/www.abc-berlin.net\/wp-content\/uploads\/hefte\/Alfredo_Bonanno_-_Was_koennen_wir_mit_dem_Antifaschismus_tun.pdf\">Was k\u00f6nnen wir mit dem Antifaschismus tun<\/a><\/p>\n<p><a href=\"http:\/\/www.abc-berlin.net\/wp-content\/uploads\/hefte\/Aufruf.pdf\">Aufruf<\/a> &#8212; <a href=\"http:\/\/www.abc-berlin.net\/wp-content\/uploads\/hefte\/Call.pdf\">Call<\/a> &#8211; <a href=\"http:\/\/www.abc-berlin.net\/wp-content\/uploads\/hefte\/Call_-_print.pdf\"><em>print<\/em><\/a><\/p>\n<p><a href=\"http:\/\/www.abc-berlin.net\/wp-content\/uploads\/hefte\/Der kommende Aufstand.pdf\">Der kommende Aufstand<\/a><br \/>\n<a href=\"http:\/\/www.abc-berlin.net\/wp-content\/uploads\/hefte\/The_coming_Insurrection_-_print.pdf\">The coming Insurrection<\/a><\/p>\n<p><a href=\"http:\/\/www.abc-berlin.net\/wp-content\/uploads\/hefte\/Summits_Counter-Summits_and_Social_War_-_print.pdf\">Summits, Counter-Summits and Social War<\/a><\/p>\n<p><strong>More soon&#8230;&#8230;&#8230;.demn\u00e4chst mehr&#8230;&#8230;&#8230;&#8230;<\/strong><\/p>\n","protected":false},"excerpt":{"rendered":"<p>Brosch\u00fcren, Flyer und Poster Solidarit\u00e4t mit Alfredo Bonanno und Christos Stratigopoulos (Januar 2010) Hungerstreik der Lebensl\u00e4nglichen in Italien (Ende 2008) &#8212; Druckvorlage Solidarit\u00e4t mit den SAGADA 11 (Oktober 2006) Zeitschriften \u00fcber Knast, Anarchismus und den Kampf gegen das Bestehende&#46;&#46;&#46;<\/p>\n","protected":false},"author":3,"featured_media":0,"parent":0,"menu_order":7,"comment_status":"closed","ping_status":"closed","template":"","meta":{"_links_to":"","_links_to_target":""},"_links":{"self":[{"href":"https:\/\/www.abc-berlin.net\/2008\/wp-json\/wp\/v2\/pages\/18"}],"collection":[{"href":"https:\/\/www.abc-berlin.net\/2008\/wp-json\/wp\/v2\/pages"}],"about":[{"href":"https:\/\/www.abc-berlin.net\/2008\/wp-json\/wp\/v2\/types\/page"}],"author":[{"embeddable":true,"href":"https:\/\/www.abc-berlin.net\/2008\/wp-json\/wp\/v2\/users\/3"}],"replies":[{"embeddable":true,"href":"https:\/\/www.abc-berlin.net\/2008\/wp-json\/wp\/v2\/comments?post=18"}],"version-history":[{"count":60,"href":"https:\/\/www.abc-berlin.net\/2008\/wp-json\/wp\/v2\/pages\/18\/revisions"}],"predecessor-version":[{"id":10589,"href":"https:\/\/www.abc-berlin.net\/2008\/wp-json\/wp\/v2\/pages\/18\/revisions\/10589"}],"wp:attachment":[{"href":"https:\/\/www.abc-berlin.net\/2008\/wp-json\/wp\/v2\/media?parent=18"}],"curies":[{"name":"wp","href":"https:\/\/api.w.org\/{rel}","templated":true}]}}