{"id":7207,"date":"2012-07-06T06:53:25","date_gmt":"2012-07-06T05:53:25","guid":{"rendered":"http:\/\/www.abc-berlin.net\/?page_id=7207"},"modified":"2014-12-27T12:45:00","modified_gmt":"2014-12-27T11:45:00","slug":"saegeblatt","status":"publish","type":"page","link":"https:\/\/www.abc-berlin.net\/2008\/saegeblatt","title":{"rendered":"S\u00e4geblatt"},"content":{"rendered":"<p><a href=\"http:\/\/www.abc-berlin.net\/wp-content\/uploads\/Saegeblatt\/Saegeblatt_logo.jpg\" rel=\"lightbox[7207]\"><img class=\"alignright\" title=\"S\u00e4geblatt - anarchistischer Newsletter zu Repression, Solidarit\u00e4t, Gefangenen und ihren K\u00e4mpfen\" src=\"http:\/\/www.abc-berlin.net\/wp-content\/uploads\/Saegeblatt\/Saegeblatt_logo-250x91.jpg\" alt=\"S\u00e4geblatt - anarchistischer Newsletter zu Repression, Solidarit\u00e4t, Gefangenen und ihren K\u00e4mpfen\" \/><\/a>Mit dem\u00a0<em>S\u00e4geblatt \u2013 anarchistischer Newsletter zu Repression, Solidarit\u00e4t, Gefangenen und ihren K\u00e4mpfen<\/em> \u2013\u00a0 wollen wir in regelm\u00e4\u00dfigen Abst\u00e4nden Informationen und Entwicklungen \u00fcber repressive Angriffe des Staates und \u00fcber Gefangene und ihre K\u00e4mpfe in gedruckter Form verbreiten. Dies soll unabh\u00e4ngig von der Schnelllebigkeit und der erdr\u00fcckenden Informationsflut des Internets geschehen.<\/p>\n<p>Wir wollen die Solidarit\u00e4t mit Gefangenen und mit denen, welche durch die Repression in ihrem K\u00e4mpfen eingeschr\u00e4nkt werden, verbreitern. Dabei geht es auch darum den Kampf gegen Kn\u00e4ste und alle Formen der Einsperrung in dieser Knastgesellschaft fortzuf\u00fchren, hin zu einer befreiten Gesellschaft.<\/p>\n<p>In Hamburg und Berlin wird das S\u00e4geblatt an den bekannten Orten in gedruckter Form zu finden sein. In anderen St\u00e4dten soll es das Ziel sein, dass Menschen, die unsere Projekt unterst\u00fctzen wollen, selbstst\u00e4ndig Kopien anfertigen und diese verteilen. Die jeweils aktuelle Ausgabe wird immer unter <a href=\"http:\/\/www.abc-berlin.net\/saegeblatt\">www.abc-berlin.net\/saegeblatt<\/a> zu finden sein.<\/p>\n<p style=\"text-align: right;\"><em>ABC Berlin + Anarchist_innen in Solidarit\u00e4t<\/em><\/p>\n<h5>November 2013: <a href=\"http:\/\/www.abc-berlin.net\/wp-content\/uploads\/Saegeblatt\/S%C3%A4geblatt-November-2013.pdf\">PDF<\/a> &#8212; <a href=\"http:\/\/www.abc-berlin.net\/wp-content\/uploads\/Saegeblatt\/S%C3%A4geblatt-November-2013_druck.pdf\">Druckvorlage<\/a><\/h5>\n<h5>Juli 2013: <a href=\"http:\/\/www.abc-berlin.net\/wp-content\/uploads\/Saegeblatt\/S%C3%A4geblatt-Juli-2013.pdf\">PDF<\/a> &#8212; <a href=\"http:\/\/www.abc-berlin.net\/wp-content\/uploads\/Saegeblatt\/S%C3%A4geblatt-Juli-2013_druck.pdf\">Druckvorlage<\/a><\/h5>\n<h5>M\u00e4rz 2013: <a href=\"http:\/\/www.abc-berlin.net\/wp-content\/uploads\/Saegeblatt\/S%C3%A4geblatt-M%C3%A4rz-2013.pdf\">PDF<\/a> &#8212; <a href=\"http:\/\/www.abc-berlin.net\/wp-content\/uploads\/Saegeblatt\/S%C3%A4geblatt-M%C3%A4rz-2013_druckvorlage.xps\">Druckvorlage<\/a><\/h5>\n<h5>Januar 2013: <a href=\"http:\/\/www.abc-berlin.net\/wp-content\/uploads\/Saegeblatt\/S\u00e4geblatt-Januar-2013.pdf\">PDF<\/a> &#8212; <a href=\"http:\/\/www.abc-berlin.net\/wp-content\/uploads\/Saegeblatt\/S%C3%A4geblatt-Januar-2013_druckvorlage.pdf\">Druckvorlage<\/a><\/h5>\n<h5>September 2012: <a href=\"http:\/\/www.abc-berlin.net\/wp-content\/uploads\/Saegeblatt\/S\u00e4geblatt-September-2012.pdf\">PDF<\/a> &#8212; <a href=\"http:\/\/www.abc-berlin.net\/wp-content\/uploads\/Saegeblatt\/S%C3%A4geblatt-September-2012_druckvorlage.pdf\">Druckvorlage<\/a><\/h5>\n<h5>August 2012: <a href=\"http:\/\/www.abc-berlin.net\/wp-content\/uploads\/Saegeblatt\/S\u00e4geblatt-August-2012.pdf\">PDF<\/a> &#8212; <a href=\"http:\/\/www.abc-berlin.net\/wp-content\/uploads\/Saegeblatt\/S%C3%A4geblatt-August-2012_druckvorlage.pdf\">Druckvorlage<\/a><\/h5>\n<h5>Juli 2012: <strong><a href=\"http:\/\/www.abc-berlin.net\/wp-content\/uploads\/Saegeblatt\/S\u00e4geblatt-Juli-2012.pdf\">PDF<\/a><\/strong> &#8212; <strong><a href=\"http:\/\/www.abc-berlin.net\/wp-content\/uploads\/Saegeblatt\/S\u00e4geblatt-Juli-2012_druckvorlage.pdf\" target=\"_blank\">Druckvorlage<\/a><\/strong><\/h5>\n<p><em>alle Ausgaben gibt es auch online bei <a href=\"http:\/\/www.scribd.com\/ABC_Berlin\" target=\"_blank\">www.scribd.com<\/a> und <a href=\"http:\/\/issuu.com\/abc_berlin\" target=\"_blank\">issuu.com<\/a><\/em><\/p>\n","protected":false},"excerpt":{"rendered":"<p>Mit dem\u00a0S\u00e4geblatt \u2013 anarchistischer Newsletter zu Repression, Solidarit\u00e4t, Gefangenen und ihren K\u00e4mpfen \u2013\u00a0 wollen wir in regelm\u00e4\u00dfigen Abst\u00e4nden Informationen und Entwicklungen \u00fcber repressive Angriffe des Staates und \u00fcber Gefangene und ihre K\u00e4mpfe in gedruckter Form verbreiten. Dies soll unabh\u00e4ngig&#46;&#46;&#46;<\/p>\n","protected":false},"author":3,"featured_media":0,"parent":0,"menu_order":4,"comment_status":"closed","ping_status":"closed","template":"","meta":{"_links_to":"","_links_to_target":""},"_links":{"self":[{"href":"https:\/\/www.abc-berlin.net\/2008\/wp-json\/wp\/v2\/pages\/7207"}],"collection":[{"href":"https:\/\/www.abc-berlin.net\/2008\/wp-json\/wp\/v2\/pages"}],"about":[{"href":"https:\/\/www.abc-berlin.net\/2008\/wp-json\/wp\/v2\/types\/page"}],"author":[{"embeddable":true,"href":"https:\/\/www.abc-berlin.net\/2008\/wp-json\/wp\/v2\/users\/3"}],"replies":[{"embeddable":true,"href":"https:\/\/www.abc-berlin.net\/2008\/wp-json\/wp\/v2\/comments?post=7207"}],"version-history":[{"count":25,"href":"https:\/\/www.abc-berlin.net\/2008\/wp-json\/wp\/v2\/pages\/7207\/revisions"}],"predecessor-version":[{"id":10415,"href":"https:\/\/www.abc-berlin.net\/2008\/wp-json\/wp\/v2\/pages\/7207\/revisions\/10415"}],"wp:attachment":[{"href":"https:\/\/www.abc-berlin.net\/2008\/wp-json\/wp\/v2\/media?parent=7207"}],"curies":[{"name":"wp","href":"https:\/\/api.w.org\/{rel}","templated":true}]}}